{"id":6,"date":"2018-03-13T15:11:15","date_gmt":"2018-03-13T15:11:15","guid":{"rendered":"https:\/\/www.saiebologna.it\/?page_id=6"},"modified":"2026-02-23T13:30:10","modified_gmt":"2026-02-23T13:30:10","slug":"home-page","status":"publish","type":"page","link":"https:\/\/saiebologna-staging2026.senaf.it\/it\/","title":{"rendered":"Home page"},"content":{"rendered":"[vc_row gap=&#8221;5&#8243; equal_height=&#8221;yes&#8221; content_placement=&#8221;top&#8221;][vc_column width=&#8221;3\/4&#8243; el_class=&#8221;container-fluid&#8221;][vc_row_inner equal_height=&#8221;yes&#8221; content_placement=&#8221;middle&#8221;][vc_column_inner][vc_empty_space][\/vc_column_inner][vc_column_inner el_class=&#8221;full-box&#8221; width=&#8221;1\/2&#8243; css=&#8221;.vc_custom_1698227678824{background-color: #f8b43f !important;}&#8221;][vc_column_text el_class=&#8221;text-center&#8221;]\n<h2 style=\"text-align: center\">IL CANTIERE<br \/>\nAL CENTRO DI SAIE<\/h2>\n<p class=\"subtitle\" style=\"text-align: center;font-size: 28px\">L&#8217;innovazione incontra il sistema delle costruzioni nella storica fiera italiana di settore<\/p>\n[\/vc_column_text][vc_separator color=&#8221;white&#8221; el_width=&#8221;80&#8243;][vc_column_text el_class=&#8221;text-center&#8221;]\n<h4>Imprese, professionisti e associazioni insieme per lo sviluppo della filiera delle costruzioni<\/h4>\n<p style=\"text-align: center\">SAIE \u00e8 l\u2019occasione da non mancare per gli operatori del settore perch\u00e9 agisce da acceleratore di opportunit\u00e0 commerciali e da strumento per incontrarsi in presenza per rafforzare o creare nuove opportunit\u00e0 di mercato e networking. Punto d\u2019aggregazione per professionisti, aziende e istituzioni nazionali e locali in cui si intersecano valorizzazione delle novit\u00e0 di prodotto, dialogo, condivisione di idee di tutta la filiera.<\/p>\n[\/vc_column_text][\/vc_column_inner][vc_column_inner el_class=&#8221;full-box&#8221; width=&#8221;1\/2&#8243; css=&#8221;.vc_custom_1714467793138{background-image: url(\/public\/uploads\/sites\/9\/SAIE_HP.jpg?id=18873) !important;background-position: center !important;background-repeat: no-repeat !important;background-size: cover !important;}&#8221;][vc_empty_space height=&#8221;200px&#8221;][\/vc_column_inner][\/vc_row_inner][\/vc_column][\/vc_row][vc_row css=&#8221;.vc_custom_1702296321767{background-image: url(\/public\/uploads\/sites\/9\/header_homepage-1-scaled.jpg?id=18793) !important;}&#8221;][vc_column][vc_column_text]\n<p style=\"text-align: center\"><span style=\"color: #ffffff\"><em><strong>SAIE Bologna 2024<\/strong><\/em><\/span><\/p>\n[\/vc_column_text][vc_row_inner][vc_column_inner width=&#8221;1\/5&#8243;][vc_column_text]\n<div class=\"big-number\" style=\"text-align: center\"><span style=\"color: #ffffff\"><strong><span style=\"font-size: 72px\">560<\/span><\/strong><\/span><\/div>\n<div class=\"big-number\" style=\"text-align: center\"><span style=\"color: #ffffff\"><strong><span style=\"font-size: 32px\">aziende presenti<\/span><\/strong><\/span><\/div>\n[\/vc_column_text][\/vc_column_inner][vc_column_inner width=&#8221;1\/5&#8243;][vc_column_text]\n<div class=\"big-number\" style=\"text-align: center\"><span style=\"color: #ffffff\"><strong><span style=\"font-size: 72px\">40.277<\/span><\/strong><\/span><\/div>\n<div class=\"big-number\" style=\"text-align: center\"><span style=\"color: #ffffff\"><strong><span style=\"font-size: 32px\">presenze professionali<\/span><\/strong><\/span><\/div>\n[\/vc_column_text][\/vc_column_inner][vc_column_inner width=&#8221;1\/5&#8243;][vc_column_text]\n<div class=\"big-number\" style=\"text-align: center\"><span style=\"color: #ffffff\"><strong><span style=\"font-size: 72px\">232<\/span><\/strong><\/span><\/div>\n<div class=\"big-number\" style=\"text-align: center\"><span style=\"color: #ffffff\"><strong><span style=\"font-size: 32px\">convegni formativi<\/span><\/strong><\/span><\/div>\n[\/vc_column_text][\/vc_column_inner][vc_column_inner width=&#8221;1\/5&#8243;][vc_column_text]\n<div class=\"big-number\" style=\"text-align: center\"><span style=\"color: #ffffff\"><strong><span style=\"font-size: 72px\">29<\/span><\/strong><\/span><\/div>\n<div class=\"big-number\" style=\"text-align: center\"><span style=\"color: #ffffff\"><strong><span style=\"font-size: 32px\">iniziative speciali<\/span><\/strong><\/span><\/div>\n[\/vc_column_text][\/vc_column_inner][vc_column_inner width=&#8221;1\/5&#8243;][vc_column_text]\n<div class=\"big-number\" style=\"text-align: center\"><span style=\"color: #ffffff\"><strong><span style=\"font-size: 72px\">48<\/span><\/strong><\/span><\/div>\n<div class=\"big-number\" style=\"text-align: center\"><span style=\"color: #ffffff\"><strong><span style=\"font-size: 32px\">associazioni partner<\/span><\/strong><\/span><\/div>\n[\/vc_column_text][\/vc_column_inner][\/vc_row_inner][\/vc_column][\/vc_row][vc_row][vc_column][vc_row_inner][vc_column_inner][\/vc_column_inner][\/vc_row_inner][\/vc_column][\/vc_row][vc_row equal_height=&#8221;yes&#8221; css=&#8221;.vc_custom_1721894397704{border-bottom-width: 4px !important;border-bottom-color: #ffffff !important;border-bottom-style: solid !important;}&#8221;][vc_column width=&#8221;1\/3&#8243; css=&#8221;.vc_custom_1716297599644{border-top-width: 2px !important;border-right-width: 3px !important;background-color: #f8b43f !important;border-right-color: #ffffff !important;border-right-style: solid !important;border-top-color: #ffffff !important;border-top-style: solid !important;}&#8221;][vc_column_text el_class=&#8221;text-center px-lg-2&#8243;]\n<h4 style=\"text-align: center\"><strong><span style=\"color: #000000\">Convegno SAIE Bari 2026<\/span><\/strong><\/h4>\n<p style=\"text-align: center\"><strong>Rigenerazione urbana: tra benessere abitativo e sicurezza strutturale<br \/>\n<\/strong><\/p>\n[\/vc_column_text][vc_btn title=&#8221;<b>Scopri di pi\u00f9<\/b>&#8221; style=&#8221;outline&#8221; color=&#8221;black&#8221; align=&#8221;center&#8221; i_align=&#8221;right&#8221; i_icon_fontawesome=&#8221;fas fa-angle-right&#8221; add_icon=&#8221;true&#8221; link=&#8221;url:https%3A%2F%2Fwww.saiebari.it%2Fit%2Fconvegno-rigenerazione-urbana%2F|target:_blank&#8221;][\/vc_column][vc_column width=&#8221;1\/3&#8243; css=&#8221;.vc_custom_1721895753132{border-top-width: 2px !important;background-image: url(\/public\/uploads\/sites\/9\/percorsi.jpg?id=25357) !important;background-position: center !important;background-repeat: no-repeat !important;background-size: cover !important;border-top-color: #ffffff !important;border-top-style: solid !important;}&#8221; offset=&#8221;vc_hidden-sm&#8221;][vc_empty_space height=&#8221;218px&#8221;][\/vc_column][vc_column width=&#8221;1\/3&#8243; css=&#8221;.vc_custom_1716297620061{border-top-width: 2px !important;border-left-width: 3px !important;background-color: #f8b43f !important;border-left-color: #ffffff !important;border-left-style: solid !important;border-top-color: #ffffff !important;border-top-style: solid !important;}&#8221;][vc_column_text el_class=&#8221;text-center px-lg-2 my-1&#8243;]\n<h4 style=\"text-align: center\"><strong><span style=\"color: #000000\">Osservatorio SAIE<\/span><\/strong><\/h4>\n<p style=\"text-align: center\"><strong>L&#8217;Osservatorio monitora l\u2019andamento dell\u2019industria italiana delle Costruzioni<\/strong><\/p>\n[\/vc_column_text][vc_btn title=&#8221;<b>Consulta le ultime wave<\/b>&#8221; style=&#8221;outline&#8221; color=&#8221;black&#8221; align=&#8221;center&#8221; i_align=&#8221;right&#8221; i_icon_fontawesome=&#8221;fas fa-angle-right&#8221; add_icon=&#8221;true&#8221; link=&#8221;url:%2Fcategory%2Fosservatorio%2F|title:Consulta%20le%20ultime%20wave%20&#8243;][\/vc_column][\/vc_row][vc_row equal_height=&#8221;yes&#8221;][vc_column width=&#8221;1\/3&#8243; css=&#8221;.vc_custom_1716297594619{border-right-width: 3px !important;border-bottom-width: 2px !important;background-image: url(\/public\/uploads\/sites\/9\/SAIE1.png?id=22561) !important;background-position: center !important;background-repeat: no-repeat !important;background-size: cover !important;border-right-color: #ffffff !important;border-right-style: solid !important;border-bottom-color: #ffffff !important;border-bottom-style: solid !important;}&#8221; offset=&#8221;vc_hidden-sm&#8221;][vc_empty_space height=&#8221;218px&#8221;][\/vc_column][vc_column width=&#8221;1\/3&#8243; css=&#8221;.vc_custom_1716297152914{border-bottom-width: 2px !important;background-color: #f8b43f !important;border-bottom-color: #ffffff !important;border-bottom-style: solid !important;}&#8221;][vc_column_text el_class=&#8221;text-center px-lg-2&#8243;]\n<h4 style=\"text-align: center\"><strong><span style=\"color: #000000\">Espositori 2024<\/span><\/strong><\/h4>\n<p style=\"text-align: center\"><strong>Le aziende che hanno scelto di esporre all&#8217;ultima edizione di SAIE<\/strong><\/p>\n[\/vc_column_text][vc_btn title=&#8221;<b>Scopri di pi\u00f9<\/b>&#8221; style=&#8221;outline&#8221; color=&#8221;black&#8221; align=&#8221;center&#8221; i_align=&#8221;right&#8221; i_icon_fontawesome=&#8221;fas fa-angle-right&#8221; add_icon=&#8221;true&#8221; link=&#8221;url:https%3A%2F%2Fwww.saiebologna.it%2Fit%2Fanteprima-espositori%2F&#8221;][\/vc_column][vc_column width=&#8221;1\/3&#8243; css=&#8221;.vc_custom_1716297613668{border-bottom-width: 2px !important;border-left-width: 3px !important;background-image: url(\/public\/uploads\/sites\/9\/saie2.png?id=22563) !important;background-position: center !important;background-repeat: no-repeat !important;background-size: cover !important;border-left-color: #ffffff !important;border-left-style: solid !important;border-bottom-color: #ffffff !important;border-bottom-style: solid !important;}&#8221; offset=&#8221;vc_hidden-sm&#8221;][vc_empty_space height=&#8221;218px&#8221;][\/vc_column][\/vc_row][vc_row equal_height=&#8221;yes&#8221;][vc_column width=&#8221;1\/3&#8243; css=&#8221;.vc_custom_1716297599644{border-top-width: 2px !important;border-right-width: 3px !important;background-color: #f8b43f !important;border-right-color: #ffffff !important;border-right-style: solid !important;border-top-color: #ffffff !important;border-top-style: solid !important;}&#8221;][vc_column_text el_class=&#8221;text-center px-lg-2&#8243;]\n<h4 style=\"text-align: center\"><strong><span style=\"color: #000000\">Iniziative Speciali di SAIE 2024<\/span><\/strong><\/h4>\n<p style=\"text-align: center\"><strong>Aree dimostrative, corsi e momenti di approfondimento tecnologico<\/strong><\/p>\n[\/vc_column_text][vc_btn title=&#8221;<b>Scopri le iniziative<\/b>&#8221; style=&#8221;outline&#8221; color=&#8221;black&#8221; align=&#8221;center&#8221; i_align=&#8221;right&#8221; i_icon_fontawesome=&#8221;fas fa-angle-right&#8221; add_icon=&#8221;true&#8221; link=&#8221;url:https%3A%2F%2Fwww.saiebologna.it%2Fit%2Finiziative-speciali%2F&#8221;][\/vc_column][vc_column width=&#8221;1\/3&#8243; css=&#8221;.vc_custom_1716297562955{border-top-width: 2px !important;background-image: url(\/public\/uploads\/sites\/9\/saie3.png?id=22565) !important;background-position: center !important;background-repeat: no-repeat !important;background-size: cover !important;border-top-color: #ffffff !important;border-top-style: solid !important;}&#8221; offset=&#8221;vc_hidden-sm&#8221;][vc_empty_space height=&#8221;218px&#8221;][\/vc_column][vc_column width=&#8221;1\/3&#8243; css=&#8221;.vc_custom_1716297620061{border-top-width: 2px !important;border-left-width: 3px !important;background-color: #f8b43f !important;border-left-color: #ffffff !important;border-left-style: solid !important;border-top-color: #ffffff !important;border-top-style: solid !important;}&#8221;][vc_column_text el_class=&#8221;text-center px-lg-2&#8243;]\n<h4 style=\"text-align: center\"><strong><span style=\"color: #000000\">Interviste espositori SAIE<\/span><\/strong><\/h4>\n<p style=\"text-align: center\"><strong>Perch\u00e8 esserci: la testimonianza di alcuni espositori che hanno scelto di esporre a SAIE 2024<\/strong><\/p>\n[\/vc_column_text][vc_btn title=&#8221;<b>Leggi le interviste<\/b>&#8221; style=&#8221;outline&#8221; color=&#8221;black&#8221; align=&#8221;center&#8221; i_align=&#8221;right&#8221; i_icon_fontawesome=&#8221;fas fa-angle-right&#8221; add_icon=&#8221;true&#8221; link=&#8221;url:https%3A%2F%2Fwww.saiebologna.it%2Fit%2Fcategory%2Finterviste-espositori%2F&#8221;][\/vc_column][\/vc_row][vc_row][vc_column][vc_empty_space height=&#8221;12px&#8221;][\/vc_column][\/vc_row][vc_row equal_height=&#8221;yes&#8221;][vc_column width=&#8221;1\/2&#8243; el_class=&#8221;full-box&#8221;][vc_column_text css_animation=&#8221;none&#8221; el_class=&#8221;py-2 px-3 py-sm-3 px-sm-5 bg-darker&#8221; css=&#8221;.vc_custom_1716296766415{background-image: url(\/public\/uploads\/sites\/9\/ESPORRE_HP-3.png?id=22595) !important;background-position: center !important;background-repeat: no-repeat !important;background-size: contain !important;}&#8221;]\n<h3 style=\"text-align: center\">Interessato ad esporre?<\/h3>\n<p style=\"text-align: center\">La nostra segreteria espositori, oltre a fornire tutte le informazioni utili per prendere parte alla fiera, pu\u00f2 formulare progetti di partecipazione personalizzati.<\/p>\n<p style=\"text-align: center\"><a class=\"btn btn-primary btn-lg my-1\" href=\"\/it\/perche-esporre\/\">Scopri di pi\u00f9 \u00bb<\/a><\/p>\n[\/vc_column_text][\/vc_column][vc_column width=&#8221;1\/2&#8243; el_class=&#8221;full-box&#8221;][vc_column_text css_animation=&#8221;none&#8221; el_class=&#8221;py-2 px-3 py-sm-3 px-sm-5 bg-darker&#8221; css=&#8221;.vc_custom_1716296784215{margin-bottom: 0px !important;background-image: url(\/public\/uploads\/sites\/9\/VISITARE_HP-1.png?id=22591) !important;background-position: center !important;background-repeat: no-repeat !important;background-size: contain !important;}&#8221;]\n<h3 style=\"text-align: center\">Interessato a\u00a0visitare?<\/h3>\n<p style=\"text-align: center\" align=\"center\">Se desideri ricevere informazioni per organizzare la tua visita in fiera, il nostro ufficio visitatori \u00e8 a tua disposizione per fornirti tutto il supporto necessario.<u><\/u><\/p>\n<p style=\"text-align: center\"><a class=\"btn btn-primary btn-lg my-1\" href=\"\/it\/visitatori\/\">Scopri di pi\u00f9 \u00bb<\/a><\/p>\n[\/vc_column_text][\/vc_column][\/vc_row]\n","protected":false},"excerpt":{"rendered":"<p>[vc_row gap=&#8221;5&#8243; equal_height=&#8221;yes&#8221; content_placement=&#8221;top&#8221;][vc_column width=&#8221;3\/4&#8243; el_class=&#8221;container-fluid&#8221;][vc_row_inner equal_height=&#8221;yes&#8221; content_placement=&#8221;middle&#8221;][vc_column_inner][vc_empty_space][\/vc_column_inner][vc_column_inner el_class=&#8221;full-box&#8221; width=&#8221;1\/2&#8243; css=&#8221;.vc_custom_1698227678824{background-color: #f8b43f !important;}&#8221;][vc_column_text el_class=&#8221;text-center&#8221;] IL CANTIERE AL CENTRO DI SAIE L&#8217;innovazione incontra il sistema delle costruzioni nella storica fiera italiana di settore [\/vc_column_text][vc_separator color=&#8221;white&#8221; el_width=&#8221;80&#8243;][vc_column_text el_class=&#8221;text-center&#8221;] Imprese, professionisti e associazioni insieme per lo sviluppo della filiera delle costruzioni SAIE \u00e8 l\u2019occasione da non mancare per [&hellip;]<\/p>\n","protected":false},"author":1,"featured_media":0,"parent":0,"menu_order":0,"comment_status":"closed","ping_status":"closed","template":"homepage.php","meta":[],"acf":[],"aioseo_notices":[],"_links":{"self":[{"href":"https:\/\/saiebologna-staging2026.senaf.it\/it\/wp-json\/wp\/v2\/pages\/6"}],"collection":[{"href":"https:\/\/saiebologna-staging2026.senaf.it\/it\/wp-json\/wp\/v2\/pages"}],"about":[{"href":"https:\/\/saiebologna-staging2026.senaf.it\/it\/wp-json\/wp\/v2\/types\/page"}],"author":[{"embeddable":true,"href":"https:\/\/saiebologna-staging2026.senaf.it\/it\/wp-json\/wp\/v2\/users\/1"}],"replies":[{"embeddable":true,"href":"https:\/\/saiebologna-staging2026.senaf.it\/it\/wp-json\/wp\/v2\/comments?post=6"}],"version-history":[{"count":5,"href":"https:\/\/saiebologna-staging2026.senaf.it\/it\/wp-json\/wp\/v2\/pages\/6\/revisions"}],"predecessor-version":[{"id":29093,"href":"https:\/\/saiebologna-staging2026.senaf.it\/it\/wp-json\/wp\/v2\/pages\/6\/revisions\/29093"}],"wp:attachment":[{"href":"https:\/\/saiebologna-staging2026.senaf.it\/it\/wp-json\/wp\/v2\/media?parent=6"}],"curies":[{"name":"wp","href":"https:\/\/api.w.org\/{rel}","templated":true}]}}