{"id":864,"date":"2018-05-30T15:32:25","date_gmt":"2018-05-30T15:32:25","guid":{"rendered":"https:\/\/www.saiebologna.it\/?page_id=864"},"modified":"2026-03-04T14:15:40","modified_gmt":"2026-03-04T14:15:40","slug":"orari-e-ingressi","status":"publish","type":"page","link":"https:\/\/saiebologna-staging2026.senaf.it\/it\/orari-e-ingressi\/","title":{"rendered":"Planimetria e orari"},"content":{"rendered":"[vc_row equal_height=&#8221;yes&#8221; el_class=&#8221;my-1&#8243;][vc_column][vc_row_inner equal_height=&#8221;yes&#8221; content_placement=&#8221;top&#8221;][vc_column_inner el_class=&#8221;py-lg-2 px-lg-5&#8243; width=&#8221;2\/3&#8243;][vc_column_text]\n<h2>Organizza la tua visita<\/h2>\n<p class=\"subtitle\">Tutte le informazioni\u00a0per visitare la fiera<\/p>\n<p>&nbsp;<\/p>\n<p><strong>Indirizzo<\/strong>: BolognaFiere<\/p>\n<p><strong>Data<\/strong>: 7\u2013 10 ottobre 2026 mercoled\u00ec, gioved\u00ec, venerd\u00ec, sabato.<\/p>\n<p><strong>Orario<\/strong>: mercoled\u00ec, gioved\u00ec, venerd\u00ec 9.00 \u2013 17.30 | sabato 9.00 \u2013 17.00<\/p>\n<p><strong>Ingresso: <\/strong>Ingresso Nord | Ingresso Ovest Costituzione<\/p>\n<p>&nbsp;<\/p>\n<p style=\"text-align: left\"><a class=\"btn btn-lg my-1\" href=\"https:\/\/www.saiebologna.it\/it\/come-arrivare\/\">Come raggiungere SAIE<\/a> <a class=\"btn btn-lg btn-primary my-1\" href=\"https:\/\/www.saiebologna.it\/it\/dove-alloggiare\/\">Dove alloggiare<\/a><\/p>\n[\/vc_column_text][\/vc_column_inner][vc_column_inner el_class=&#8221;p-1 p-sm-3 p-lg-4 bg-darker&#8221; width=&#8221;1\/3&#8243; offset=&#8221;vc_hidden-xs&#8221;][vc_column_text]\n<h3 class=\"mt-0\">Informazioni<\/h3>\n[\/vc_column_text][vc_wp_custommenu nav_menu=&#8221;12&#8243;][\/vc_column_inner][\/vc_row_inner][\/vc_column][\/vc_row][vc_row equal_height=&#8221;yes&#8221; disable_element=&#8221;yes&#8221; el_class=&#8221;my-1 bg-gray&#8221;][vc_column offset=&#8221;vc_col-md-offset-2 vc_col-md-8&#8243; el_class=&#8221;p-1 p-sm-3 p-lg-4&#8243;][vc_column_text]\n<h2 style=\"text-align: center\">Location<\/h2>\n<h3 style=\"text-align: center\">BolognaFiere, Piazza Costituzione 6,\u00a040127, Bologna<\/h3>\n<h3 style=\"text-align: center\">Ingresso: Nord | Ovest Costituzione<\/h3>\n[\/vc_column_text][vc_row_inner][vc_column_inner][vc_single_image image=&#8221;27130&#8243; img_size=&#8221;large&#8221; alignment=&#8221;center&#8221;][\/vc_column_inner][\/vc_row_inner][\/vc_column][\/vc_row][vc_row equal_height=&#8221;yes&#8221; el_class=&#8221;my-1&#8243; el_id=&#8221;scuole&#8221;][vc_column offset=&#8221;vc_col-md-offset-2 vc_col-md-8&#8243; el_class=&#8221;p-1 p-sm-3 p-lg-4&#8243;][vc_row_inner][vc_column_inner][vc_column_text]\n<h3>Ingresso Studenti Universitari<\/h3>\n<p>Gli studenti universitari compilando il form di preaccredito avranno diritto ad un <strong>ingresso omaggio<\/strong>.<\/p>\n<h3>Scolaresche<\/h3>\n<p>L\u2019ingresso per le scuole \u00e8 riservato esclusivamente agli studenti<strong>\u00a0<\/strong>accompagnati da un docente ogni 10 studenti (non sono previste deroghe). Sono ammesse solo le classi IV e V degli Istituti Medi Superiori.<br \/>\nLa visita ha scopo formativo pertanto le scuole che aderiranno, potranno accedere alla manifestazione esclusivamente su prenotazione.<br \/>\n<strong>La direzione si riserva il diritto di selezione delle richieste ricevute. Per prenotare la visita scrivere una mail a:\u00a0<\/strong><a href=\"mailto:luca.righetti@senaf.it\">chiara.barbagallo@senaf.it<\/a><\/p>\n<p>&nbsp;<\/p>\n<p>L\u2019accesso ai minori di anni 14 \u00e8 consentito solo se accompagnati da un genitore o da un adulto.[\/vc_column_text][vc_separator][vc_column_text]\n<h3>Come arrivare<\/h3>\n<p>Le informazioni su come raggiungere SAIE in auto, treno, metropolitana, aereo sono disponibili\u00a0<strong><a href=\"https:\/\/www.saiebologna.it\/it\/come-arrivare\/\" rel=\"noopener\">cliccando qui<\/a>.<\/strong>[\/vc_column_text][\/vc_column_inner][\/vc_row_inner][\/vc_column][\/vc_row][vc_row][vc_column][vc_row_inner][vc_column_inner width=&#8221;1\/4&#8243;][\/vc_column_inner][vc_column_inner width=&#8221;1\/2&#8243;][vc_empty_space height=&#8221;64px&#8221;][\/vc_column_inner][vc_column_inner width=&#8221;1\/4&#8243;][\/vc_column_inner][\/vc_row_inner][\/vc_column][\/vc_row]\n","protected":false},"excerpt":{"rendered":"<p>[vc_row equal_height=&#8221;yes&#8221; el_class=&#8221;my-1&#8243;][vc_column][vc_row_inner equal_height=&#8221;yes&#8221; content_placement=&#8221;top&#8221;][vc_column_inner el_class=&#8221;py-lg-2 px-lg-5&#8243; width=&#8221;2\/3&#8243;][vc_column_text] Organizza la tua visita Tutte le informazioni\u00a0per visitare la fiera &nbsp; Indirizzo: BolognaFiere Data: 7\u2013 10 ottobre 2026 mercoled\u00ec, gioved\u00ec, venerd\u00ec, sabato. Orario: mercoled\u00ec, gioved\u00ec, venerd\u00ec 9.00 \u2013 17.30 | sabato 9.00 \u2013 17.00 Ingresso: Ingresso Nord | Ingresso Ovest Costituzione &nbsp; Come raggiungere SAIE Dove alloggiare [&hellip;]<\/p>\n","protected":false},"author":12,"featured_media":18770,"parent":0,"menu_order":0,"comment_status":"closed","ping_status":"closed","template":"","meta":[],"acf":[],"aioseo_notices":[],"_links":{"self":[{"href":"https:\/\/saiebologna-staging2026.senaf.it\/it\/wp-json\/wp\/v2\/pages\/864"}],"collection":[{"href":"https:\/\/saiebologna-staging2026.senaf.it\/it\/wp-json\/wp\/v2\/pages"}],"about":[{"href":"https:\/\/saiebologna-staging2026.senaf.it\/it\/wp-json\/wp\/v2\/types\/page"}],"author":[{"embeddable":true,"href":"https:\/\/saiebologna-staging2026.senaf.it\/it\/wp-json\/wp\/v2\/users\/12"}],"replies":[{"embeddable":true,"href":"https:\/\/saiebologna-staging2026.senaf.it\/it\/wp-json\/wp\/v2\/comments?post=864"}],"version-history":[{"count":3,"href":"https:\/\/saiebologna-staging2026.senaf.it\/it\/wp-json\/wp\/v2\/pages\/864\/revisions"}],"predecessor-version":[{"id":29231,"href":"https:\/\/saiebologna-staging2026.senaf.it\/it\/wp-json\/wp\/v2\/pages\/864\/revisions\/29231"}],"wp:featuredmedia":[{"embeddable":true,"href":"https:\/\/saiebologna-staging2026.senaf.it\/it\/wp-json\/wp\/v2\/media\/18770"}],"wp:attachment":[{"href":"https:\/\/saiebologna-staging2026.senaf.it\/it\/wp-json\/wp\/v2\/media?parent=864"}],"curies":[{"name":"wp","href":"https:\/\/api.w.org\/{rel}","templated":true}]}}