{"id":870,"date":"2018-05-30T15:43:06","date_gmt":"2018-05-30T15:43:06","guid":{"rendered":"https:\/\/www.saiebologna.it\/?page_id=870"},"modified":"2026-03-04T14:17:27","modified_gmt":"2026-03-04T14:17:27","slug":"come-arrivare","status":"publish","type":"page","link":"https:\/\/saiebologna-staging2026.senaf.it\/it\/come-arrivare\/","title":{"rendered":"Come arrivare"},"content":{"rendered":"[vc_row equal_height=&#8221;yes&#8221; el_class=&#8221;my-1&#8243;][vc_column][vc_row_inner equal_height=&#8221;yes&#8221; content_placement=&#8221;top&#8221;][vc_column_inner el_class=&#8221;py-lg-2 px-lg-5&#8243; width=&#8221;2\/3&#8243;][vc_column_text]\n<h2>Indicazioni per raggiungere SAIE<\/h2>\n<p>Il quartiere fieristico di BolognaFiere pu\u00f2 essere raggiunto facilmente in <strong>auto<\/strong>, <strong>bus<\/strong>, <strong>treno<\/strong> o <strong>aereo<\/strong>. Il quartiere \u00e8 ben servito dai mezzi pubblici locali e dispone di un\u2019ampia area destinata al parcheggio auto.<\/p>\n<p style=\"text-align: left\"><a class=\"btn btn-lg my-1\" href=\"\/it\/contatti\/\">Richiedi informazioni<\/a><\/p>\n[\/vc_column_text][\/vc_column_inner][vc_column_inner el_class=&#8221;p-1 p-sm-3 p-lg-4 bg-darker&#8221; width=&#8221;1\/3&#8243; offset=&#8221;vc_hidden-xs&#8221;][vc_column_text]\n<h3 class=\"mt-0\">Informazioni<\/h3>\n[\/vc_column_text][vc_wp_custommenu nav_menu=&#8221;12&#8243;][\/vc_column_inner][\/vc_row_inner][\/vc_column][\/vc_row][vc_row disable_element=&#8221;yes&#8221; el_id=&#8221;trenitalia&#8221;][vc_column el_class=&#8221;py-lg-2 px-lg-3 bg-gray&#8221;][vc_row_inner][vc_column_inner width=&#8221;1\/3&#8243;][vc_separator align=&#8221;align_left&#8221; border_width=&#8221;6&#8243; el_width=&#8221;30&#8243;][vc_column_text]\n<h3><img decoding=\"async\" loading=\"lazy\" class=\"wp-image-23744 alignleft\" src=\"\/public\/uploads\/sites\/9\/treno_saie.png\" alt=\"\" width=\"59\" height=\"71\" \/>Treno<\/h3>\n<hr \/>\n<p>La Stazione Centrale di Bologna rappresenta uno dei pi\u00f9 grandi snodi ferroviari a livello nazionale ed europeo. Bologna \u00e8 facilmente raggiungibile da qualunque localit\u00e0 italiana e da molte localit\u00e0 estere. Dalla Stazione Ferroviaria di Bologna Centrale (che dista 10 minuti dal Quartiere Fieristico) le linee 28 &#8211; 35 &#8211; 38 collegano l\u2019ingresso principale della manifestazione (Ingresso Ovest Costituzione).<\/p>\n<p>Per informazioni autobus:\u00a0<a href=\"http:\/\/www.trenitalia.it\/\" target=\"_blank\" rel=\"noopener noreferrer\">www.tper.it<\/a>[\/vc_column_text][vc_empty_space height=&#8221;12px&#8221;][vc_column_text]\n<h5 class=\"my-1\"><span style=\"text-decoration: underline\"><span style=\"color: #f7b531;text-decoration: underline\">Convenzione Trenitalia<\/span><\/span><\/h5>\n<p>In occasione dell\u2019evento <strong>SAIE<\/strong>, che si terr\u00e0 dal 9 all\u201912 ottobre 2024 a Bolognafiere, grazie all\u2019offerta Speciale Eventi \u2013 dedicata ai partecipanti \u2013 puoi raggiungere <strong>Bologna<\/strong> con <strong>Frecciarossa<\/strong> con <strong>sconti fino all&#8217;80%<\/strong> rispetto al biglietto Base!<\/p>\n<p><strong>Puoi acquistare l&#8217;offerta tramite l\u2019App di Trenitalia, presso le biglietterie e le agenzie di viaggio abilitate, o sul sito <a href=\"https:\/\/www.trenitalia.com\/\" target=\"_blank\" rel=\"noopener\">trenitalia.com<\/a><\/strong>[\/vc_column_text][\/vc_column_inner][vc_column_inner el_class=&#8221;py-lg-2 px-lg-3&#8243; width=&#8221;2\/3&#8243; el_id=&#8221;TRENITALIA&#8221;][vc_column_text]\n<h4><strong>Raggiungere SAIE in treno ti CONVIENE!<\/strong><\/h4>\n<p><strong>Scaricando il biglietto<\/strong>, visitatori ed espositori hanno diritto alla\u00a0<strong>convezione treni<\/strong> con il codice promozionale <strong>\u201cBOLOGNAFIERE24\u201d<\/strong>[\/vc_column_text][vc_text_separator title=&#8221;Come acquistare l&#8217;offerta&#8221; title_align=&#8221;separator_align_left&#8221; align=&#8221;align_left&#8221; color=&#8221;orange&#8221; border_width=&#8221;5&#8243;][vc_column_text]\n<ol>\n<li><strong>seleziona il viaggio<\/strong> di andata o di andata e ritorno per Bologna<\/li>\n<li>seleziona <strong><em>\u201cvedi altre offerte\u201d<\/em><\/strong> e, nel relativo menu a tendina della sezione <strong><em>\u201cOfferta\u201d<\/em><\/strong>, scegli <strong><em>\u201cSpeciale Eventi\u201d<\/em><\/strong><\/li>\n<li>inserisci il codice <strong>\u201c<span style=\"color: #f7b531\">BOLOGNAFIERE24<\/span>\u201d<\/strong> nello spazio <em>\u201cCodice accordo\u201d<\/em><\/li>\n<li>seleziona<em><strong> \u201cConferma\u201d<\/strong><\/em><\/li>\n<li>effettua la medesima procedura per il <strong>viaggio di ritorno<\/strong><\/li>\n<\/ol>\n[\/vc_column_text][vc_message message_box_color=&#8221;alert-warning&#8221;]Per usufruire dell\u2019offerta \u00e8 necessario che tu abbia effettuato la <strong>registrazione all\u2019evento<\/strong>, ricordati di portarla a bordo treno![\/vc_message][vc_column_text]<span style=\"font-size: 10px\">I biglietti scontati sono inerenti a viaggi da effettuarsi tra il 7 e il 13 ottobre 2024. I biglietti di andata dovranno avere come destinazione la citt\u00e0 di Bologna, per viaggi da effettuarsi tra il 7 e il 12 ottobre 2024, quelli di ritorno dovranno avere come origine la citt\u00e0 di Bologna, per viaggi da effettuarsi tra il 9 e il 13 ottobre 2024.<br \/>\nLa Promo \u00e8 valida per viaggi su Frecciarossa, Frecciargento, Frecciabianca, in 1^ e in 2^ classe, nei livelli di servizio Business, Premium, Standard. Sono esclusi il livello Executive e la prenotazione del posto nei salottini. \u00c8 possibile acquistare il biglietto tramite l\u2019App di Trenitalia, presso le biglietterie e le agenzie di viaggio abilitate o sul sito trenitalia.com, fino alle ore 24 del secondo giorno precedente la partenza del treno. Il numero di posti a disposizione per ogni livello di riduzione \u00e8 limitato e variabile, a seconda dei giorni della settimana, dei treni e della classe o livello di servizio. Al momento dell\u2019acquisto il sistema propone sempre il prezzo pi\u00f9 vantaggioso disponibile.<br \/>\n<\/span><\/p>\n<p><span style=\"font-size: 10px\">Ulteriori info su <strong><a href=\"https:\/\/www.trenitalia.com\/\" target=\"_blank\" rel=\"noopener\">trenitalia.com<\/a><\/strong>\u00a0\u2013 Condizioni Generali di trasporto.<\/span>[\/vc_column_text][\/vc_column_inner][\/vc_row_inner][\/vc_column][\/vc_row][vc_row][vc_column el_class=&#8221;py-lg-2 px-lg-3&#8243;][vc_row_inner][vc_column_inner width=&#8221;1\/2&#8243;][vc_separator align=&#8221;align_left&#8221; border_width=&#8221;6&#8243; el_width=&#8221;20&#8243;][vc_column_text]\n<h3><img decoding=\"async\" loading=\"lazy\" class=\"wp-image-23748 alignleft\" src=\"\/public\/uploads\/sites\/9\/auto_saie.png\" alt=\"\" width=\"64\" height=\"60\" \/>Auto<\/h3>\n<hr \/>\n<p><strong>Autostrada A1\/A14 <\/strong><\/p>\n<p>Uscita \u201cBOLOGNA FIERA\u201d &#8211; seguire indicazioni Via Michelino, Viale della Fiera, Viale Aldo Moro e proseguire in direzione Piazza Costituzione<\/p>\n<p>&nbsp;<\/p>\n<p><strong>Autostrada A13 <\/strong><\/p>\n<p>Uscita \u201cBOLOGNA ARCOVEGGIO\u201d &#8211; tangenziale uscita 8 (ingressi Nord, Michelino, Moro e Parcheggio Michelino) o all\u2019uscita 7 (ingresso e Parcheggio Costituzione).[\/vc_column_text][vc_text_separator title=&#8221;Parcheggio&#8221; title_align=&#8221;separator_align_left&#8221;][vc_column_text]L\u2019ampio parcheggio Piazza Costituzione, situato all\u2019ingresso ovest BolognaFiere \u00e8 a disposizione di espositori e visitatori SAIE.<br \/>\nIl parcheggio che si trova nelle immediate vicinanze dell\u2019ingresso Nord \u00e8 il Parcheggio Multipiano Michelino.<\/p>\n<p>Il parcheggio ha una tariffa giornaliera unica di 25 euro.[\/vc_column_text][\/vc_column_inner][vc_column_inner width=&#8221;1\/2&#8243;][vc_separator align=&#8221;align_left&#8221; border_width=&#8221;6&#8243; el_width=&#8221;20&#8243;][vc_column_text]\n<h3><img decoding=\"async\" loading=\"lazy\" class=\"wp-image-23744 alignleft\" src=\"\/public\/uploads\/sites\/9\/treno_saie.png\" alt=\"\" width=\"59\" height=\"71\" \/>Treno<\/h3>\n<hr \/>\n<p>La Stazione Centrale di Bologna rappresenta uno dei pi\u00f9 grandi snodi ferroviari a livello nazionale ed europeo. Bologna \u00e8 facilmente raggiungibile da qualunque localit\u00e0 italiana e da molte localit\u00e0 estere. Dalla Stazione Ferroviaria di Bologna Centrale (che dista 10 minuti dal Quartiere Fieristico) le linee 28 &#8211; 35 &#8211; 38 collegano l\u2019ingresso principale della manifestazione (Ingresso Ovest Costituzione).<\/p>\n<p>Per informazioni autobus:\u00a0<a href=\"http:\/\/www.trenitalia.it\/\" target=\"_blank\" rel=\"noopener noreferrer\">www.tper.it<\/a>[\/vc_column_text][vc_separator align=&#8221;align_left&#8221; border_width=&#8221;6&#8243; el_width=&#8221;20&#8243;][vc_column_text]\n<h3><img decoding=\"async\" loading=\"lazy\" class=\"wp-image-23758 alignleft\" src=\"\/public\/uploads\/sites\/9\/aereo_saie.png\" alt=\"\" width=\"61\" height=\"60\" \/>Aereo<\/h3>\n<hr \/>\n<p>Servizio Marconi Express da Aeroporto G. Marconi a Stazione Ferroviaria di Bologna Centrate. Poi autobus linea 35 o 38 fermata Fiera Palazzo Congressi\/Fiera Aldo Moro. Servizio a pagamento.<\/p>\n<p>Per informazioni:<\/p>\n<p><a href=\"https:\/\/www.marconiexpress.it\/biglietti\/acquisto-biglietti\/\">Marconi Express<\/a>\u00a0| <a href=\"https:\/\/www.tper.it\/bo-35\">Linea 35<\/a> |\u00a0<a href=\"https:\/\/www.tper.it\/bo-38\">Linea 38<\/a>[\/vc_column_text][vc_separator align=&#8221;align_left&#8221; border_width=&#8221;6&#8243; el_width=&#8221;20&#8243;][vc_column_text]\n<h3><img decoding=\"async\" loading=\"lazy\" class=\"wp-image-23760 alignleft\" src=\"\/public\/uploads\/sites\/9\/taxi_saie.png\" alt=\"\" width=\"62\" height=\"61\" \/>Taxi<\/h3>\n<hr \/>\n<p>Dalla Piazza delle Medaglie d\u2019Oro e presso l\u2019area Kiss&amp;Ride all\u2019uscita di via Carracci<\/p>\n<p><strong><a href=\"https:\/\/www.cotabo.it\/\" target=\"_blank\" rel=\"noopener\">CO.TA.BO<\/a><\/strong><br \/>\nTelefono: 051 372727 | App:\u00a0<a href=\"https:\/\/www.taxiclickeasy.app\/\" target=\"_blank\" rel=\"noopener\">TaxiClick Easy<\/a><\/p>\n<p><a href=\"https:\/\/taxibologna.it\/\" target=\"_blank\" rel=\"noopener\"><strong>C.A.T<\/strong>.<\/a><br \/>\nTelefono: 051 4590 | App:\u00a0<a href=\"https:\/\/taxibologna.it\/taxi-app\/\" target=\"_blank\" rel=\"noopener\">itTaxi<\/a>[\/vc_column_text][\/vc_column_inner][\/vc_row_inner][\/vc_column][\/vc_row][vc_row disable_element=&#8221;yes&#8221;][vc_column][vc_column_text css=&#8221;.vc_custom_1727426650860{background-color: #f7b531 !important;}&#8221; el_class=&#8221;py-lg-2 px-lg-3&#8243;]\n<h5><strong>CAR SHARING<\/strong><\/h5>\n<p><span style=\"text-decoration: underline\"><strong>Enjoy \u00e8 il Mobility Partner di SAIE.<br \/>\n<\/strong><\/span>Dal 9 al 12 ottobre 2024, muoviti in libert\u00e0 per raggiungere la fiera a bordo di un veicolo Enjoy!<\/p>\n<div>Inserisci il codice convenzione\u00a0<strong>CNV76RIGX8<\/strong>\u00a0nel tuo &#8220;<em>Profilo Utente<\/em>&#8221; alla voce &#8220;<em>Convenzione<\/em>&#8221; &#8211; &#8220;<em>Aggiungi Codice Convenzione<\/em>&#8221; e riceverai subito un<span style=\"color: #000000\">\u00a0<a style=\"color: #000000\" href=\"https:\/\/www.voucherenjoy.it\/\" target=\"_blank\" rel=\"noopener\"><strong>voucher Enjoy<\/strong><\/a><\/span> da 5 euro.<\/div>\n<div><\/div>\n<div>Non perdere l&#8217;occasione di raggiungere SAIE con comodit\u00e0. <span style=\"color: #000000\"><a style=\"color: #000000\" href=\"https:\/\/enjoy.eni.com\/it\" target=\"_blank\" rel=\"noopener\">Sali a bordo di Enjoy<\/a>\u00a0<\/span>e muoviti facilmente anche in citt\u00e0.<\/div>\n[\/vc_column_text][\/vc_column][\/vc_row]\n","protected":false},"excerpt":{"rendered":"<p>[vc_row equal_height=&#8221;yes&#8221; el_class=&#8221;my-1&#8243;][vc_column][vc_row_inner equal_height=&#8221;yes&#8221; content_placement=&#8221;top&#8221;][vc_column_inner el_class=&#8221;py-lg-2 px-lg-5&#8243; width=&#8221;2\/3&#8243;][vc_column_text] Indicazioni per raggiungere SAIE Il quartiere fieristico di BolognaFiere pu\u00f2 essere raggiunto facilmente in auto, bus, treno o aereo. Il quartiere \u00e8 ben servito dai mezzi pubblici locali e dispone di un\u2019ampia area destinata al parcheggio auto. Richiedi informazioni [\/vc_column_text][\/vc_column_inner][vc_column_inner el_class=&#8221;p-1 p-sm-3 p-lg-4 bg-darker&#8221; width=&#8221;1\/3&#8243; offset=&#8221;vc_hidden-xs&#8221;][vc_column_text] Informazioni [&hellip;]<\/p>\n","protected":false},"author":12,"featured_media":18770,"parent":0,"menu_order":0,"comment_status":"closed","ping_status":"closed","template":"","meta":[],"acf":[],"aioseo_notices":[],"_links":{"self":[{"href":"https:\/\/saiebologna-staging2026.senaf.it\/it\/wp-json\/wp\/v2\/pages\/870"}],"collection":[{"href":"https:\/\/saiebologna-staging2026.senaf.it\/it\/wp-json\/wp\/v2\/pages"}],"about":[{"href":"https:\/\/saiebologna-staging2026.senaf.it\/it\/wp-json\/wp\/v2\/types\/page"}],"author":[{"embeddable":true,"href":"https:\/\/saiebologna-staging2026.senaf.it\/it\/wp-json\/wp\/v2\/users\/12"}],"replies":[{"embeddable":true,"href":"https:\/\/saiebologna-staging2026.senaf.it\/it\/wp-json\/wp\/v2\/comments?post=870"}],"version-history":[{"count":3,"href":"https:\/\/saiebologna-staging2026.senaf.it\/it\/wp-json\/wp\/v2\/pages\/870\/revisions"}],"predecessor-version":[{"id":29233,"href":"https:\/\/saiebologna-staging2026.senaf.it\/it\/wp-json\/wp\/v2\/pages\/870\/revisions\/29233"}],"wp:featuredmedia":[{"embeddable":true,"href":"https:\/\/saiebologna-staging2026.senaf.it\/it\/wp-json\/wp\/v2\/media\/18770"}],"wp:attachment":[{"href":"https:\/\/saiebologna-staging2026.senaf.it\/it\/wp-json\/wp\/v2\/media?parent=870"}],"curies":[{"name":"wp","href":"https:\/\/api.w.org\/{rel}","templated":true}]}}